{"id":1071,"date":"2015-12-14T07:14:55","date_gmt":"2015-12-14T07:14:55","guid":{"rendered":"http:\/\/consulting.stylemixthemes.com\/?page_id=2"},"modified":"2023-07-29T15:41:35","modified_gmt":"2023-07-29T15:41:35","slug":"sample-page-2","status":"publish","type":"page","link":"https:\/\/ilgilimetal.com.tr\/","title":{"rendered":"Anasayfa"},"content":{"rendered":"<section class=\"wpb-content-wrapper\"><p>[vc_row][vc_column][rev_slider_vc alias=&#8221;highlight-carousel7&#8243;][\/vc_column][\/vc_row][vc_row css=&#8221;.vc_custom_1683543926323{margin-top: 100px !important;}&#8221;][vc_column][stm_spacing][vc_column_text]<\/p>\n<h1>\u00dcR\u00dcNLER<\/h1>\n<p>[\/vc_column_text][stm_spacing xs_spacing=&#8221;30&#8243;][stm_services posts_per_page=&#8221;12&#8243; posts_per_row=&#8221;2&#8243; style=&#8221;style_9&#8243;][stm_spacing xs_spacing=&#8221;30&#8243;][\/vc_column][\/vc_row][vc_row full_width=&#8221;stretch_row&#8221; css=&#8221;.vc_custom_1583987522330{background-color: #ebedf3 !important;}&#8221;][vc_column width=&#8221;1\/2&#8243; css=&#8221;.vc_custom_1683542241534{margin-top: 50px !important;}&#8221;][vc_custom_heading stripe_pos=&#8221;hide&#8221; text=&#8221;\u0130lgili Metal Tedarik A\u011f\u0131&#8221; use_theme_fonts=&#8221;yes&#8221;][vc_column_text]Cumhuriyetimizin 100. y\u0131l\u0131nda kurulan firmam\u0131z i\u00e7in yeni y\u00fczy\u0131lda b\u00fcy\u00fck hedeflerle yola \u00e7\u0131kt\u0131k. Birlikte b\u00fcy\u00fcmeyi istedi\u011fimiz m\u00fc\u015fterilerimize &#8220;ilgi ve g\u00fcven&#8221; odakl\u0131 hizmetler sunmay\u0131 hedefliyoruz. Amac\u0131m\u0131z, sekt\u00f6rdeki 10 senelik tecr\u00fcbemiz ile m\u00fc\u015fterilerimizin ihtiya\u00e7lar\u0131n\u0131 en iyi \u015fekilde anlamak ve onlara \u00f6zel \u00e7\u00f6z\u00fcmler sunmakt\u0131r. Uzun vadede m\u00fc\u015fterilerimize \u00f6zel planlar haz\u0131rlamak ve onlara rekabet avantaj\u0131 kazand\u0131rmak istiyoruz.<\/p>\n<p>Vizyonumuz, m\u00fc\u015fterilerimizle uzun s\u00fcreli i\u015f ortakl\u0131klar\u0131 kurarak, onlar\u0131n metal tedarik s\u00fcre\u00e7lerini h\u0131zl\u0131 ve verimli \u015fekilde y\u00f6netmelerine yard\u0131mc\u0131 olmakt\u0131r. Bu do\u011frultuda, teknolojik altyap\u0131m\u0131z\u0131 ve dijital tedarik sistemlerimizi s\u00fcrekli olarak g\u00fcncelleyerek, m\u00fc\u015fterilerimize en y\u00fcksek kalitede hizmeti sunmay\u0131 ama\u00e7l\u0131yoruz. T\u00fcm \u00e7al\u0131\u015fmalar\u0131m\u0131zda &#8220;ilgi ve g\u00fcven&#8221; ilkelerimizle hareket ediyor, m\u00fc\u015fterilerimizin memnuniyetini her zaman \u00f6nceli\u011fimiz olarak kabul ediyoruz.[\/vc_column_text][stm_spacing lg_spacing=&#8221;80&#8243; md_spacing=&#8221;70&#8243; sm_spacing=&#8221;40&#8243; xs_spacing=&#8221;40&#8243;][\/vc_column][vc_column width=&#8221;1\/2&#8243;][vc_single_image image=&#8221;7078&#8243; img_size=&#8221;large&#8221;][\/vc_column][\/vc_row][vc_row full_width=&#8221;stretch_row&#8221; css=&#8221;.vc_custom_1683538666207{background-image: url(https:\/\/ilgilimetal.com.tr\/wp-content\/uploads\/2023\/05\/ilgili-metal-satis-ilkeleri.jpg?id=7082) !important;background-position: center !important;background-repeat: no-repeat !important;background-size: cover !important;}&#8221;][vc_column][stm_spacing lg_spacing=&#8221;95&#8243; md_spacing=&#8221;80&#8243; sm_spacing=&#8221;70&#8243; xs_spacing=&#8221;60&#8243;][vc_custom_heading stripe_pos=&#8221;hide&#8221; text=&#8221;Neden bizimle \u00e7al\u0131\u015fmal\u0131s\u0131n\u0131z?&#8221; font_container=&#8221;tag:h2|text_align:center|color:%23ffffff&#8221; use_theme_fonts=&#8221;yes&#8221;][stm_spacing lg_spacing=&#8221;25&#8243; md_spacing=&#8221;20&#8243; sm_spacing=&#8221;15&#8243; xs_spacing=&#8221;15&#8243;][vc_row_inner][vc_column_inner width=&#8221;1\/3&#8243;][stm_info_box style=&#8221;style_9&#8243; title=&#8221;Farkl\u0131 Sat\u0131\u015f Opsiyonlar\u0131&#8221; infobox_label=&#8221;01&#8243;]Hem toptan hem de perakende sat\u0131\u015f opsiyonlar\u0131m\u0131z mevcut. \u00dcr\u00fcnlerinizi toptan alabilece\u011finiz gibi, adet bazl\u0131 ve \u00f6zel ebatland\u0131r\u0131lm\u0131\u015f olarak da temin edebilirsiniz.[\/stm_info_box][stm_spacing lg_spacing=&#8221;0&#8243; md_spacing=&#8221;0&#8243; sm_spacing=&#8221;0&#8243; xs_spacing=&#8221;30&#8243;][\/vc_column_inner][vc_column_inner width=&#8221;1\/3&#8243;][stm_info_box style=&#8221;style_9&#8243; title=&#8221;1 Saat \u0130\u00e7inde Fiyat Teklifi&#8221; infobox_label=&#8221;02&#8243;]Websitemizdeki <strong>Fiyat Teklifi Al<\/strong> b\u00f6l\u00fcm\u00fcnden veya sat\u0131\u015f temsilcimize do\u011frudan ula\u015farak, en ge\u00e7 1 saat i\u00e7inde fiyat teklifinizi alabilirsiniz.[\/stm_info_box][stm_spacing lg_spacing=&#8221;0&#8243; md_spacing=&#8221;0&#8243; sm_spacing=&#8221;0&#8243; xs_spacing=&#8221;30&#8243;][\/vc_column_inner][vc_column_inner width=&#8221;1\/3&#8243;][stm_info_box style=&#8221;style_9&#8243; title=&#8221;\u00dcr\u00fcn Kalite Dan\u0131\u015fmanl\u0131\u011f\u0131&#8221; infobox_label=&#8221;03&#8243;]Firmam\u0131zdan \u00fcr\u00fcn tedari\u011fi alabilece\u011finiz gibi, farkl\u0131 hizmetler de alabilirsiniz. \u00dcr\u00fcn kalite dan\u0131\u015fmanl\u0131\u011f\u0131, yerinde kalite kontrol\u00fc ve kar\u015f\u0131la\u015ft\u0131rmal\u0131 \u00fcr\u00fcn opsiyonlar\u0131 ara\u015ft\u0131rmas\u0131 gibi hizmetlerimizden faydalanabilirsiniz.[\/stm_info_box][stm_spacing xs_spacing=&#8221;30&#8243;][\/vc_column_inner][\/vc_row_inner][stm_spacing lg_spacing=&#8221;110&#8243; md_spacing=&#8221;80&#8243; sm_spacing=&#8221;70&#8243; xs_spacing=&#8221;60&#8243;][\/vc_column][\/vc_row]<\/p>\n<\/section>","protected":false},"excerpt":{"rendered":"<p>[vc_row][vc_column][rev_slider_vc alias=&#8221;highlight-carousel7&#8243;][\/vc_column][\/vc_row][vc_row css=&#8221;.vc_custom_1683543926323{margin-top: 100px !important;}&#8221;][vc_column][stm_spacing][vc_column_text] \u00dcR\u00dcNLER [\/vc_column_text][stm_spacing xs_spacing=&#8221;30&#8243;][stm_services posts_per_page=&#8221;12&#8243; posts_per_row=&#8221;2&#8243; style=&#8221;style_9&#8243;][stm_spacing xs_spacing=&#8221;30&#8243;][\/vc_column][\/vc_row][vc_row full_width=&#8221;stretch_row&#8221; css=&#8221;.vc_custom_1583987522330{background-color: #ebedf3 !important;}&#8221;][vc_column width=&#8221;1\/2&#8243; css=&#8221;.vc_custom_1683542241534{margin-top: 50px !important;}&#8221;][vc_custom_heading stripe_pos=&#8221;hide&#8221; text=&#8221;\u0130lgili Metal Tedarik A\u011f\u0131&#8221; use_theme_fonts=&#8221;yes&#8221;][vc_column_text]Cumhuriyetimizin 100. y\u0131l\u0131nda kurulan firmam\u0131z i\u00e7in yeni y\u00fczy\u0131lda b\u00fcy\u00fck hedeflerle yola \u00e7\u0131kt\u0131k. Birlikte b\u00fcy\u00fcmeyi istedi\u011fimiz m\u00fc\u015fterilerimize &#8220;ilgi ve g\u00fcven&#8221; odakl\u0131 hizmetler sunmay\u0131 hedefliyoruz. Amac\u0131m\u0131z, sekt\u00f6rdeki 10 senelik tecr\u00fcbemiz ile m\u00fc\u015fterilerimizin<\/p>\n","protected":false},"author":1,"featured_media":0,"parent":0,"menu_order":0,"comment_status":"closed","ping_status":"closed","template":"","meta":[],"_links":{"self":[{"href":"https:\/\/ilgilimetal.com.tr\/index.php\/wp-json\/wp\/v2\/pages\/1071"}],"collection":[{"href":"https:\/\/ilgilimetal.com.tr\/index.php\/wp-json\/wp\/v2\/pages"}],"about":[{"href":"https:\/\/ilgilimetal.com.tr\/index.php\/wp-json\/wp\/v2\/types\/page"}],"author":[{"embeddable":true,"href":"https:\/\/ilgilimetal.com.tr\/index.php\/wp-json\/wp\/v2\/users\/1"}],"replies":[{"embeddable":true,"href":"https:\/\/ilgilimetal.com.tr\/index.php\/wp-json\/wp\/v2\/comments?post=1071"}],"version-history":[{"count":65,"href":"https:\/\/ilgilimetal.com.tr\/index.php\/wp-json\/wp\/v2\/pages\/1071\/revisions"}],"predecessor-version":[{"id":7175,"href":"https:\/\/ilgilimetal.com.tr\/index.php\/wp-json\/wp\/v2\/pages\/1071\/revisions\/7175"}],"wp:attachment":[{"href":"https:\/\/ilgilimetal.com.tr\/index.php\/wp-json\/wp\/v2\/media?parent=1071"}],"curies":[{"name":"wp","href":"https:\/\/api.w.org\/{rel}","templated":true}]}}