{"id":1483,"date":"2017-02-09T14:13:33","date_gmt":"2017-02-09T14:13:33","guid":{"rendered":"http:\/\/consult.loc\/?page_id=1483"},"modified":"2024-01-31T11:47:56","modified_gmt":"2024-01-31T11:47:56","slug":"contact-five","status":"publish","type":"page","link":"https:\/\/ilgilimetal.com.tr\/index.php\/contact-five\/","title":{"rendered":"\u0130leti\u015fim"},"content":{"rendered":"<section class=\"wpb-content-wrapper\"><p>[vc_row full_height=&#8221;yes&#8221; columns_placement=&#8221;top&#8221; equal_height=&#8221;yes&#8221;][vc_column offset=&#8221;vc_col-lg-8&#8243; css=&#8221;.vc_custom_1485439524000{padding-top: 58px !important;}&#8221;][vc_custom_heading text=&#8221;\u0130LET\u0130\u015e\u0130M ADRESLER\u0130&#8221; use_theme_fonts=&#8221;yes&#8221; css=&#8221;.vc_custom_1683780992347{margin-bottom: 51px !important;}&#8221;][vc_column_text css=&#8221;.vc_custom_1683780950306{margin-bottom: 30px !important;}&#8221;]Bizlere bu ileti\u015fim adresleri \u00fczerinden ula\u015fabilirsiniz.[\/vc_column_text][vc_custom_heading stripe_pos=&#8221;hide&#8221; text=&#8221;Ofis \u0130leti\u015fim Bilgileri&#8221; font_container=&#8221;tag:h3|font_size:20px|text_align:left|color:%23222222|line_height:45px&#8221; use_theme_fonts=&#8221;yes&#8221; el_class=&#8221;border_base_color&#8221; css=&#8221;.vc_custom_1683781026623{margin-top: -5px !important;margin-bottom: -22px !important;border-top-width: 3px !important;padding-top: 0px !important;padding-bottom: 10px !important;border-top-style: solid !important;}&#8221;][vc_row_inner][vc_column_inner width=&#8221;1\/2&#8243; css=&#8221;.vc_custom_1485495966997{margin-bottom: 5px !important;}&#8221;][stm_contacts_widget style=&#8221;style_4&#8243; address=&#8221;Sultanorhan Mahallesi 1103 . Sokak Hocao\u011flu \u0130\u015f Merkezi no:2\/408 Gebze Kocaeli&#8221; phone=&#8221;0 (262) 643 01 79&#8243;][\/vc_column_inner][vc_column_inner width=&#8221;1\/2&#8243; css=&#8221;.vc_custom_1485495976629{margin-bottom: 5px !important;}&#8221;][stm_contacts_widget style=&#8221;style_4&#8243; facebook=&#8221;#&#8221; twitter=&#8221;#&#8221; linkedin=&#8221;#&#8221; google_plus=&#8221;#&#8221; skype=&#8221;#&#8221; schedule=&#8221;Pazartesi \u2013 Cuma<br \/>\n9:00 \u2013 18:00&#8243; email=&#8221;info@ilgilimetal.com.tr&#8221;][\/vc_column_inner][\/vc_row_inner][vc_row_inner css=&#8221;.vc_custom_1485437972924{margin-bottom: 30px !important;}&#8221;][vc_column_inner width=&#8221;1\/2&#8243; css=&#8221;.vc_custom_1485495781846{margin-bottom: 20px !important;}&#8221;][vc_custom_heading stripe_pos=&#8221;hide&#8221; text=&#8221;Sat\u0131\u015f Dan\u0131\u015fman\u0131&#8221; font_container=&#8221;tag:h3|font_size:20px|text_align:left|color:%23222222|line_height:45px&#8221; use_theme_fonts=&#8221;yes&#8221; el_class=&#8221;border_base_color&#8221; css=&#8221;.vc_custom_1683781041927{margin-top: -7px !important;margin-bottom: -22px !important;border-top-width: 3px !important;padding-top: 0px !important;padding-bottom: 16px !important;border-top-style: solid !important;}&#8221;][vc_column_text css=&#8221;.vc_custom_1683781347784{margin-bottom: 15px !important;}&#8221;]Merhaba, ben C\u00fcneyt. Sekt\u00f6rdeki deneyimim ve ba\u011flant\u0131lar\u0131m sayesinde, size en g\u00fcvenilir mal\u0131 en uyguna sa\u011flamak i\u00e7in \u00e7al\u0131\u015f\u0131yorum.[\/vc_column_text][stm_contact style=&#8221;style_2&#8243; name=&#8221;C\u00fcneyt Ta\u015fdemir&#8221; image=&#8221;7178&#8243; job=&#8221;Sat\u0131\u015f Dan\u0131\u015fman\u0131&#8221; phone=&#8221;+90 541 143 23 41&#8243; email=&#8221;cuneyt@ilgilimetal.com.tr&#8221;][\/vc_column_inner][vc_column_inner width=&#8221;1\/2&#8243; css=&#8221;.vc_custom_1485495786512{margin-bottom: 20px !important;}&#8221;][vc_custom_heading stripe_pos=&#8221;hide&#8221; text=&#8221;Sat\u0131\u015f Dan\u0131\u015fman\u0131&#8221; font_container=&#8221;tag:h3|font_size:20px|text_align:left|color:%23222222|line_height:45px&#8221; use_theme_fonts=&#8221;yes&#8221; el_class=&#8221;border_base_color&#8221; css=&#8221;.vc_custom_1683781059526{margin-top: -7px !important;margin-bottom: -22px !important;border-top-width: 3px !important;padding-top: 0px !important;padding-bottom: 16px !important;border-top-style: solid !important;}&#8221;][vc_column_text css=&#8221;.vc_custom_1683781371129{margin-bottom: 15px !important;}&#8221;]Merhaba, ben \u0130skender. Sizler i\u00e7in yeni y\u00f6ntemler geli\u015ftirip kazan\u00e7l\u0131 teklifler sunmak i\u00e7in \u00e7al\u0131\u015f\u0131yorum.[\/vc_column_text][stm_contact style=&#8221;style_2&#8243; name=&#8221;\u0130skender Berk Mutay&#8221; image=&#8221;7179&#8243; job=&#8221;Sat\u0131\u015f Dan\u0131\u015fman\u0131&#8221; phone=&#8221;+90 537 734 22 92&#8243; email=&#8221;iskender@ilgilimetal.com.tr&#8221;][\/vc_column_inner][\/vc_row_inner][\/vc_column][\/vc_row][vc_row full_width=&#8221;stretch_row_content_no_spaces&#8221; css=&#8221;.vc_custom_1485437951034{margin-bottom: -60px !important;}&#8221;][vc_column][vc_gmaps link=&#8221;#E-8_JTNDaWZyYW1lJTIwc3JjJTNEJTIyaHR0cHMlM0ElMkYlMkZ3d3cuZ29vZ2xlLmNvbSUyRm1hcHMlMkZlbWJlZCUzRnBiJTNEJTIxMW0xOCUyMTFtMTIlMjExbTMlMjExZDMwMjAuMzgwNjM2ODgxOTQzJTIxMmQyOS40MzY0NTMxMTc3NTU0OSUyMTNkNDAuNzk3NjI4NjgwMDA1MzUlMjEybTMlMjExZjAlMjEyZjAlMjEzZjAlMjEzbTIlMjExaTEwMjQlMjEyaTc2OCUyMTRmMTMuMSUyMTNtMyUyMTFtMiUyMTFzMHgxNGNiMjFmNDllYjRkMjNmJTI1M0EweDQwYzEwMmRkMjk5YzE0MyUyMTJ6eExCTVI4U3dUTVN3SUUxRlZFRk1JRk5CUXlCVFFVNHVJRlRFc0VNdUlFeFVSQzRneFo1VXhMQXUlMjE1ZTAlMjEzbTIlMjExc2VuJTIxMnN0ciUyMTR2MTY4Mzk3NTUxMjg3MCUyMTVtMiUyMTFzZW4lMjEyc3RyJTIyJTIwd2lkdGglM0QlMjI2MDAlMjIlMjBoZWlnaHQlM0QlMjI0NTAlMjIlMjBzdHlsZSUzRCUyMmJvcmRlciUzQTAlM0IlMjIlMjBhbGxvd2Z1bGxzY3JlZW4lM0QlMjIlMjIlMjBsb2FkaW5nJTNEJTIybGF6eSUyMiUyMHJlZmVycmVycG9saWN5JTNEJTIybm8tcmVmZXJyZXItd2hlbi1kb3duZ3JhZGUlMjIlM0UlM0MlMkZpZnJhbWUlM0U=&#8221;][\/vc_column][\/vc_row]<\/p>\n<\/section>","protected":false},"excerpt":{"rendered":"<p>[vc_row full_height=&#8221;yes&#8221; columns_placement=&#8221;top&#8221; equal_height=&#8221;yes&#8221;][vc_column offset=&#8221;vc_col-lg-8&#8243; css=&#8221;.vc_custom_1485439524000{padding-top: 58px !important;}&#8221;][vc_custom_heading text=&#8221;\u0130LET\u0130\u015e\u0130M ADRESLER\u0130&#8221; use_theme_fonts=&#8221;yes&#8221; css=&#8221;.vc_custom_1683780992347{margin-bottom: 51px !important;}&#8221;][vc_column_text css=&#8221;.vc_custom_1683780950306{margin-bottom: 30px !important;}&#8221;]Bizlere bu ileti\u015fim adresleri \u00fczerinden ula\u015fabilirsiniz.[\/vc_column_text][vc_custom_heading stripe_pos=&#8221;hide&#8221; text=&#8221;Ofis \u0130leti\u015fim Bilgileri&#8221; font_container=&#8221;tag:h3|font_size:20px|text_align:left|color:%23222222|line_height:45px&#8221; use_theme_fonts=&#8221;yes&#8221; el_class=&#8221;border_base_color&#8221; css=&#8221;.vc_custom_1683781026623{margin-top: -5px !important;margin-bottom: -22px !important;border-top-width: 3px !important;padding-top: 0px !important;padding-bottom: 10px !important;border-top-style: solid !important;}&#8221;][vc_row_inner][vc_column_inner width=&#8221;1\/2&#8243; css=&#8221;.vc_custom_1485495966997{margin-bottom: 5px !important;}&#8221;][stm_contacts_widget style=&#8221;style_4&#8243; address=&#8221;Sultanorhan Mahallesi 1103 . Sokak Hocao\u011flu \u0130\u015f Merkezi<\/p>\n","protected":false},"author":1,"featured_media":0,"parent":0,"menu_order":0,"comment_status":"closed","ping_status":"closed","template":"","meta":[],"_links":{"self":[{"href":"https:\/\/ilgilimetal.com.tr\/index.php\/wp-json\/wp\/v2\/pages\/1483"}],"collection":[{"href":"https:\/\/ilgilimetal.com.tr\/index.php\/wp-json\/wp\/v2\/pages"}],"about":[{"href":"https:\/\/ilgilimetal.com.tr\/index.php\/wp-json\/wp\/v2\/types\/page"}],"author":[{"embeddable":true,"href":"https:\/\/ilgilimetal.com.tr\/index.php\/wp-json\/wp\/v2\/users\/1"}],"replies":[{"embeddable":true,"href":"https:\/\/ilgilimetal.com.tr\/index.php\/wp-json\/wp\/v2\/comments?post=1483"}],"version-history":[{"count":10,"href":"https:\/\/ilgilimetal.com.tr\/index.php\/wp-json\/wp\/v2\/pages\/1483\/revisions"}],"predecessor-version":[{"id":7182,"href":"https:\/\/ilgilimetal.com.tr\/index.php\/wp-json\/wp\/v2\/pages\/1483\/revisions\/7182"}],"wp:attachment":[{"href":"https:\/\/ilgilimetal.com.tr\/index.php\/wp-json\/wp\/v2\/media?parent=1483"}],"curies":[{"name":"wp","href":"https:\/\/api.w.org\/{rel}","templated":true}]}}